{"id":986,"date":"2025-02-02T12:32:38","date_gmt":"2025-02-02T12:32:38","guid":{"rendered":"https:\/\/courirenlayon.fr\/?page_id=986"},"modified":"2026-01-28T18:19:28","modified_gmt":"2026-01-28T18:19:28","slug":"autour-du-balcon","status":"publish","type":"page","link":"https:\/\/courirenlayon.fr\/?page_id=986","title":{"rendered":"AUTOUR DU BALCON"},"content":{"rendered":"\n<p>Organisation intimiste, ouvert aux associations de trail amies. Sur la base de l&rsquo;organisation des amis d&rsquo;ETA \u00ab\u00a0Bouddha Trail Challenge\u00a0\u00bb, le principe consiste \u00e0 encha\u00eener une boucle de 3km et 150m+ pendant 4h, en relais. Entre chaque tour, une \u00e9preuve d&rsquo;adresse amusante, et des surprises lors de certains tours&#8230;<\/p>\n\n\n\n<p>Amusement garanti, suivi d&rsquo;un repas offert aux participants&#8230;<\/p>\n","protected":false},"excerpt":{"rendered":"<div class=\"mh-excerpt\"><p>Organisation intimiste, ouvert aux associations de trail amies. Sur la base de l&rsquo;organisation des amis d&rsquo;ETA \u00ab\u00a0Bouddha Trail Challenge\u00a0\u00bb, le principe consiste \u00e0 encha\u00eener une <a class=\"mh-excerpt-more\" href=\"https:\/\/courirenlayon.fr\/?page_id=986\" title=\"AUTOUR DU BALCON\">[&#8230;]<\/a><\/p>\n<\/div>","protected":false},"author":1,"featured_media":0,"parent":0,"menu_order":0,"comment_status":"closed","ping_status":"closed","template":"","meta":{"ngg_post_thumbnail":0,"footnotes":""},"class_list":["post-986","page","type-page","status-publish","hentry"],"_links":{"self":[{"href":"https:\/\/courirenlayon.fr\/index.php?rest_route=\/wp\/v2\/pages\/986","targetHints":{"allow":["GET"]}}],"collection":[{"href":"https:\/\/courirenlayon.fr\/index.php?rest_route=\/wp\/v2\/pages"}],"about":[{"href":"https:\/\/courirenlayon.fr\/index.php?rest_route=\/wp\/v2\/types\/page"}],"author":[{"embeddable":true,"href":"https:\/\/courirenlayon.fr\/index.php?rest_route=\/wp\/v2\/users\/1"}],"replies":[{"embeddable":true,"href":"https:\/\/courirenlayon.fr\/index.php?rest_route=%2Fwp%2Fv2%2Fcomments&post=986"}],"version-history":[{"count":4,"href":"https:\/\/courirenlayon.fr\/index.php?rest_route=\/wp\/v2\/pages\/986\/revisions"}],"predecessor-version":[{"id":1089,"href":"https:\/\/courirenlayon.fr\/index.php?rest_route=\/wp\/v2\/pages\/986\/revisions\/1089"}],"wp:attachment":[{"href":"https:\/\/courirenlayon.fr\/index.php?rest_route=%2Fwp%2Fv2%2Fmedia&parent=986"}],"curies":[{"name":"wp","href":"https:\/\/api.w.org\/{rel}","templated":true}]}}