{"id":708,"date":"2022-09-28T11:29:56","date_gmt":"2022-09-28T11:29:56","guid":{"rendered":"http:\/\/courirenlayon.fr\/?page_id=708"},"modified":"2023-04-15T08:11:10","modified_gmt":"2023-04-15T08:11:10","slug":"2022-2","status":"publish","type":"page","link":"https:\/\/courirenlayon.fr\/?page_id=708","title":{"rendered":"2022"},"content":{"rendered":"\n<p>Les r\u00e9sultats  des Trails du Layon 2022 sont disponibles sur le site d&rsquo;<a rel=\"noreferrer noopener\" href=\"https:\/\/www.espace-competition.com\/index.php?module=sportif&amp;action=resultat&amp;comp_uid=2399\" target=\"_blank\">Espace Comp\u00e9tition<\/a>.<\/p>\n\n\n\n<p>Vous pouvez \u00e9galement les t\u00e9l\u00e9charger ici :<\/p>\n\n\n\n<div data-wp-interactive=\"core\/file\" class=\"wp-block-file\"><object data-wp-bind--hidden=\"!state.hasPdfPreview\" hidden class=\"wp-block-file__embed\" data=\"https:\/\/courirenlayon.fr\/wp-content\/uploads\/2022\/09\/60K.pdf\" type=\"application\/pdf\" style=\"width:100%;height:600px\" aria-label=\"Contenu embarqu\u00e9 60K.\"><\/object><a id=\"wp-block-file--media-f19085fb-cb21-4835-82d5-2b7d3060e0ef\" href=\"https:\/\/courirenlayon.fr\/wp-content\/uploads\/2022\/09\/60K.pdf\">60K<\/a><a href=\"https:\/\/courirenlayon.fr\/wp-content\/uploads\/2022\/09\/60K.pdf\" class=\"wp-block-file__button wp-element-button\" download aria-describedby=\"wp-block-file--media-f19085fb-cb21-4835-82d5-2b7d3060e0ef\">T\u00e9l\u00e9charger<\/a><\/div>\n\n\n\n<div data-wp-interactive=\"core\/file\" class=\"wp-block-file\"><object data-wp-bind--hidden=\"!state.hasPdfPreview\" hidden class=\"wp-block-file__embed\" data=\"https:\/\/courirenlayon.fr\/wp-content\/uploads\/2022\/09\/28K.pdf\" type=\"application\/pdf\" style=\"width:100%;height:600px\" aria-label=\"Contenu embarqu\u00e9 28K.\"><\/object><a id=\"wp-block-file--media-cf88d450-751e-4137-8baf-414348002463\" href=\"https:\/\/courirenlayon.fr\/wp-content\/uploads\/2022\/09\/28K.pdf\">28K<\/a><a href=\"https:\/\/courirenlayon.fr\/wp-content\/uploads\/2022\/09\/28K.pdf\" class=\"wp-block-file__button wp-element-button\" download aria-describedby=\"wp-block-file--media-cf88d450-751e-4137-8baf-414348002463\">T\u00e9l\u00e9charger<\/a><\/div>\n\n\n\n<div data-wp-interactive=\"core\/file\" class=\"wp-block-file\"><object data-wp-bind--hidden=\"!state.hasPdfPreview\" hidden class=\"wp-block-file__embed\" data=\"https:\/\/courirenlayon.fr\/wp-content\/uploads\/2022\/09\/16K.pdf\" type=\"application\/pdf\" style=\"width:100%;height:600px\" aria-label=\"Contenu embarqu\u00e9 16K.\"><\/object><a id=\"wp-block-file--media-a513f480-54e3-499d-b1e9-8c3785a52593\" href=\"https:\/\/courirenlayon.fr\/wp-content\/uploads\/2022\/09\/16K.pdf\">16K<\/a><a href=\"https:\/\/courirenlayon.fr\/wp-content\/uploads\/2022\/09\/16K.pdf\" class=\"wp-block-file__button wp-element-button\" download aria-describedby=\"wp-block-file--media-a513f480-54e3-499d-b1e9-8c3785a52593\">T\u00e9l\u00e9charger<\/a><\/div>\n\n\n\nngg_shortcode_0_placeholder\n","protected":false},"excerpt":{"rendered":"<div class=\"mh-excerpt\"><p>Les r\u00e9sultats des Trails du Layon 2022 sont disponibles sur le site d&rsquo;Espace Comp\u00e9tition. Vous pouvez \u00e9galement les t\u00e9l\u00e9charger ici :<\/p>\n<\/div>","protected":false},"author":1,"featured_media":0,"parent":0,"menu_order":0,"comment_status":"closed","ping_status":"closed","template":"","meta":{"ngg_post_thumbnail":0,"footnotes":""},"class_list":["post-708","page","type-page","status-publish","hentry"],"_links":{"self":[{"href":"https:\/\/courirenlayon.fr\/index.php?rest_route=\/wp\/v2\/pages\/708","targetHints":{"allow":["GET"]}}],"collection":[{"href":"https:\/\/courirenlayon.fr\/index.php?rest_route=\/wp\/v2\/pages"}],"about":[{"href":"https:\/\/courirenlayon.fr\/index.php?rest_route=\/wp\/v2\/types\/page"}],"author":[{"embeddable":true,"href":"https:\/\/courirenlayon.fr\/index.php?rest_route=\/wp\/v2\/users\/1"}],"replies":[{"embeddable":true,"href":"https:\/\/courirenlayon.fr\/index.php?rest_route=%2Fwp%2Fv2%2Fcomments&post=708"}],"version-history":[{"count":3,"href":"https:\/\/courirenlayon.fr\/index.php?rest_route=\/wp\/v2\/pages\/708\/revisions"}],"predecessor-version":[{"id":824,"href":"https:\/\/courirenlayon.fr\/index.php?rest_route=\/wp\/v2\/pages\/708\/revisions\/824"}],"wp:attachment":[{"href":"https:\/\/courirenlayon.fr\/index.php?rest_route=%2Fwp%2Fv2%2Fmedia&parent=708"}],"curies":[{"name":"wp","href":"https:\/\/api.w.org\/{rel}","templated":true}]}}