{"id":538,"date":"2021-04-28T12:53:48","date_gmt":"2021-04-28T12:53:48","guid":{"rendered":"http:\/\/courirenlayon.fr\/?page_id=538"},"modified":"2023-02-16T16:42:47","modified_gmt":"2023-02-16T16:42:47","slug":"2020-2","status":"publish","type":"page","link":"https:\/\/courirenlayon.fr\/?page_id=538","title":{"rendered":"2020"},"content":{"rendered":"\n<p>Les r\u00e9sultats  des Trails du Layon 2020 sont en ligne sur le site d&rsquo;<a rel=\"noreferrer noopener\" href=\"https:\/\/www.espace-competition.com\/index.php?module=sportif&amp;action=resultat&amp;comp_uid=1982\" target=\"_blank\">Espace Comp\u00e9tition<\/a>.<\/p>\n\n\n\n<p>Vous pouvez aussi charger les r\u00e9sultats PDF en cliquant sur les liens suivant :<\/p>\n\n\n\n<div class=\"wp-block-file\"><a id=\"wp-block-file--media-86a0762e-a9dd-43d8-b294-34e8c15cb7bb\" href=\"https:\/\/courirenlayon.fr\/wp-content\/uploads\/2020\/09\/15K.pdf\">15K<\/a><a href=\"https:\/\/courirenlayon.fr\/wp-content\/uploads\/2020\/09\/15K.pdf\" class=\"wp-block-file__button wp-element-button\" download aria-describedby=\"wp-block-file--media-86a0762e-a9dd-43d8-b294-34e8c15cb7bb\">T\u00e9l\u00e9charger<\/a><\/div>\n\n\n\n<div class=\"wp-block-file\"><a id=\"wp-block-file--media-2d48cb92-044b-40f0-b708-8462294aee0d\" href=\"https:\/\/courirenlayon.fr\/wp-content\/uploads\/2020\/09\/28K.pdf\">28K<\/a><a href=\"https:\/\/courirenlayon.fr\/wp-content\/uploads\/2020\/09\/28K.pdf\" class=\"wp-block-file__button wp-element-button\" download aria-describedby=\"wp-block-file--media-2d48cb92-044b-40f0-b708-8462294aee0d\">T\u00e9l\u00e9charger<\/a><\/div>\n\n\n\n<div class=\"wp-block-file\"><a id=\"wp-block-file--media-3e3aa743-db0c-456c-a95e-972e60fa9c72\" href=\"https:\/\/courirenlayon.fr\/wp-content\/uploads\/2020\/09\/56K.pdf\">56K<\/a><a href=\"https:\/\/courirenlayon.fr\/wp-content\/uploads\/2020\/09\/56K.pdf\" class=\"wp-block-file__button wp-element-button\" download aria-describedby=\"wp-block-file--media-3e3aa743-db0c-456c-a95e-972e60fa9c72\">T\u00e9l\u00e9charger<\/a><\/div>\n\n\n\nngg_shortcode_0_placeholder\n","protected":false},"excerpt":{"rendered":"<div class=\"mh-excerpt\"><p>Les r\u00e9sultats des Trails du Layon 2020 sont en ligne sur le site d&rsquo;Espace Comp\u00e9tition. Vous pouvez aussi charger les r\u00e9sultats PDF en cliquant sur <a class=\"mh-excerpt-more\" href=\"https:\/\/courirenlayon.fr\/?page_id=538\" title=\"2020\">[&#8230;]<\/a><\/p>\n<\/div>","protected":false},"author":1,"featured_media":0,"parent":0,"menu_order":0,"comment_status":"closed","ping_status":"closed","template":"","meta":{"ngg_post_thumbnail":0,"footnotes":""},"class_list":["post-538","page","type-page","status-publish","hentry"],"_links":{"self":[{"href":"https:\/\/courirenlayon.fr\/index.php?rest_route=\/wp\/v2\/pages\/538","targetHints":{"allow":["GET"]}}],"collection":[{"href":"https:\/\/courirenlayon.fr\/index.php?rest_route=\/wp\/v2\/pages"}],"about":[{"href":"https:\/\/courirenlayon.fr\/index.php?rest_route=\/wp\/v2\/types\/page"}],"author":[{"embeddable":true,"href":"https:\/\/courirenlayon.fr\/index.php?rest_route=\/wp\/v2\/users\/1"}],"replies":[{"embeddable":true,"href":"https:\/\/courirenlayon.fr\/index.php?rest_route=%2Fwp%2Fv2%2Fcomments&post=538"}],"version-history":[{"count":4,"href":"https:\/\/courirenlayon.fr\/index.php?rest_route=\/wp\/v2\/pages\/538\/revisions"}],"predecessor-version":[{"id":795,"href":"https:\/\/courirenlayon.fr\/index.php?rest_route=\/wp\/v2\/pages\/538\/revisions\/795"}],"wp:attachment":[{"href":"https:\/\/courirenlayon.fr\/index.php?rest_route=%2Fwp%2Fv2%2Fmedia&parent=538"}],"curies":[{"name":"wp","href":"https:\/\/api.w.org\/{rel}","templated":true}]}}