{"id":319,"date":"2020-01-19T16:22:32","date_gmt":"2020-01-19T16:22:32","guid":{"rendered":"http:\/\/courirenlayon.fr\/?page_id=319"},"modified":"2026-01-28T18:24:11","modified_gmt":"2026-01-28T18:24:11","slug":"benevoles","status":"publish","type":"page","link":"https:\/\/courirenlayon.fr\/?page_id=319","title":{"rendered":"BENEVOLES"},"content":{"rendered":"\n<p>Ce sont les b\u00e9n\u00e9voles qui permettent aux Trails du Layon d&rsquo;exister. Si vous souhaiter partager l&rsquo;exp\u00e9rience avec nous, compl\u00e9tez le formulaire ci-dessous.<\/p>\n\n\n\n\n\nngg_shortcode_0_placeholder\n","protected":false},"excerpt":{"rendered":"<div class=\"mh-excerpt\"><p>Ce sont les b\u00e9n\u00e9voles qui permettent aux Trails du Layon d&rsquo;exister. Si vous souhaiter partager l&rsquo;exp\u00e9rience avec nous, compl\u00e9tez le formulaire ci-dessous.<\/p>\n<\/div>","protected":false},"author":1,"featured_media":0,"parent":0,"menu_order":0,"comment_status":"closed","ping_status":"closed","template":"","meta":{"ngg_post_thumbnail":0,"footnotes":""},"class_list":["post-319","page","type-page","status-publish","hentry"],"_links":{"self":[{"href":"https:\/\/courirenlayon.fr\/index.php?rest_route=\/wp\/v2\/pages\/319","targetHints":{"allow":["GET"]}}],"collection":[{"href":"https:\/\/courirenlayon.fr\/index.php?rest_route=\/wp\/v2\/pages"}],"about":[{"href":"https:\/\/courirenlayon.fr\/index.php?rest_route=\/wp\/v2\/types\/page"}],"author":[{"embeddable":true,"href":"https:\/\/courirenlayon.fr\/index.php?rest_route=\/wp\/v2\/users\/1"}],"replies":[{"embeddable":true,"href":"https:\/\/courirenlayon.fr\/index.php?rest_route=%2Fwp%2Fv2%2Fcomments&post=319"}],"version-history":[{"count":10,"href":"https:\/\/courirenlayon.fr\/index.php?rest_route=\/wp\/v2\/pages\/319\/revisions"}],"predecessor-version":[{"id":1095,"href":"https:\/\/courirenlayon.fr\/index.php?rest_route=\/wp\/v2\/pages\/319\/revisions\/1095"}],"wp:attachment":[{"href":"https:\/\/courirenlayon.fr\/index.php?rest_route=%2Fwp%2Fv2%2Fmedia&parent=319"}],"curies":[{"name":"wp","href":"https:\/\/api.w.org\/{rel}","templated":true}]}}