{"id":285,"date":"2019-12-21T06:39:33","date_gmt":"2019-12-21T06:39:33","guid":{"rendered":"http:\/\/courirenlayon.fr\/?page_id=285"},"modified":"2026-01-28T18:12:17","modified_gmt":"2026-01-28T18:12:17","slug":"56-km","status":"publish","type":"page","link":"https:\/\/courirenlayon.fr\/?page_id=285","title":{"rendered":"46K"},"content":{"rendered":"\n<p>46 km, la grande course. Vous faites partie des privil\u00e9gi\u00e9s qui auront le plaisir de parcourir la totalit\u00e9 du trac\u00e9 des Trails du Layon.<\/p>\n\n\n\n<p>Les 4 premiers kilom\u00e8tres sont identiques pour les trois courses. A B\u00e9zigon, vous suivrez le balisage en direction de St Aubin de Luign\u00e9, via Layon et la Poilane. Au camping, vous parcourrez le sentier VTT n\u00b04, rattraperez les vignes en direction du Moulin de L&rsquo;H\u00e9riss\u00e9e et redescendrez vers le cimeti\u00e8re et la Rue de Roule Cul. Direction le Moulin Gu\u00e9rin par la c\u00f4te de la Mine, et retour vers Beaulieu par les coteaux de Chaume jusqu&rsquo;\u00e0 B\u00e9zigon.<\/p>\n\n\n\n<p>A partir de l\u00e0, retour sur le parcours du 28K : coteau de Pont Barr\u00e9, boucle de 11km autour de Beaulieu sur Layon (GR, Balcon des piquets, Saillanderie, Moulin des Cinq, Foss\u00e9, Sangli\u00e8re), vue sur l&rsquo;autre rive du Layon, avec le village de Rablay sur Layon en panorama.<\/p>\n\n\n\n<p>Retour ensuite \u00e0 Pont Barr\u00e9 pour faire le plein sur le dernier ravitaillement, pour en terminer sur le tron\u00e7on de 8km jusqu&rsquo;\u00e0 l&rsquo;arriv\u00e9e, commun aux trois courses.<\/p>\n\n\n\n<p>Le Coteau des Martyrs viendra ponctuer cette balade dans les vignes du Layon, avant de terminer par la mont\u00e9e finale vers l&rsquo;arche d&rsquo;arriv\u00e9e dans le parc de St Lambert du Lattay.<\/p>\n\n\n\n<iframe src=\"https:\/\/tracedetrail.fr\/fr\/iframe\/7463\" allowfullscreen style=\"border: 0;width: 100%; height: 800px;\" scrolling=\"no\"><\/iframe>\n\n\n\nngg_shortcode_0_placeholder\n","protected":false},"excerpt":{"rendered":"<div class=\"mh-excerpt\"><p>46 km, la grande course. Vous faites partie des privil\u00e9gi\u00e9s qui auront le plaisir de parcourir la totalit\u00e9 du trac\u00e9 des Trails du Layon. Les <a class=\"mh-excerpt-more\" href=\"https:\/\/courirenlayon.fr\/?page_id=285\" title=\"46K\">[&#8230;]<\/a><\/p>\n<\/div>","protected":false},"author":1,"featured_media":0,"parent":0,"menu_order":0,"comment_status":"closed","ping_status":"closed","template":"","meta":{"ngg_post_thumbnail":0,"footnotes":""},"class_list":["post-285","page","type-page","status-publish","hentry"],"_links":{"self":[{"href":"https:\/\/courirenlayon.fr\/index.php?rest_route=\/wp\/v2\/pages\/285","targetHints":{"allow":["GET"]}}],"collection":[{"href":"https:\/\/courirenlayon.fr\/index.php?rest_route=\/wp\/v2\/pages"}],"about":[{"href":"https:\/\/courirenlayon.fr\/index.php?rest_route=\/wp\/v2\/types\/page"}],"author":[{"embeddable":true,"href":"https:\/\/courirenlayon.fr\/index.php?rest_route=\/wp\/v2\/users\/1"}],"replies":[{"embeddable":true,"href":"https:\/\/courirenlayon.fr\/index.php?rest_route=%2Fwp%2Fv2%2Fcomments&post=285"}],"version-history":[{"count":13,"href":"https:\/\/courirenlayon.fr\/index.php?rest_route=\/wp\/v2\/pages\/285\/revisions"}],"predecessor-version":[{"id":1079,"href":"https:\/\/courirenlayon.fr\/index.php?rest_route=\/wp\/v2\/pages\/285\/revisions\/1079"}],"wp:attachment":[{"href":"https:\/\/courirenlayon.fr\/index.php?rest_route=%2Fwp%2Fv2%2Fmedia&parent=285"}],"curies":[{"name":"wp","href":"https:\/\/api.w.org\/{rel}","templated":true}]}}