{"id":279,"date":"2019-12-21T06:38:57","date_gmt":"2019-12-21T06:38:57","guid":{"rendered":"http:\/\/courirenlayon.fr\/?page_id=279"},"modified":"2026-03-15T21:25:55","modified_gmt":"2026-03-15T21:25:55","slug":"16-km","status":"publish","type":"page","link":"https:\/\/courirenlayon.fr\/?page_id=279","title":{"rendered":"18K"},"content":{"rendered":"\n<p>Premi\u00e8re distance des Trails du Layon, le 18km n&rsquo;est pas pour autant le plus facile. Avec ses 450m de d\u00e9nivel\u00e9 positif (environ), il vous faudra grimper quelques c\u00f4tes, petites mais raides.<\/p>\n\n\n\n<p>Le parcours vous emm\u00e8nera dans les vignes des Bonnes Blanches, sur St Lambert du Lattay, avant de longer le Layon vers l&rsquo;ouest jusqu&rsquo;au lieu-dit B\u00e9zigon.<br>De l\u00e0, vous arpenterez le coteau de Beaulieu jusqu&rsquo;\u00e0 la R\u00e9serve Naturelle de Pont Barr\u00e9, traverserez la carri\u00e8re de Beaulieu-sur-Layon avnat de rejoindre le ravitaillement de Pont Barr\u00e9.<br>La remont\u00e9e le long de l&rsquo;Hyr\u00f4me ne pr\u00e9sente pas de difficult\u00e9s. Apr\u00e8s 3 kilom\u00e8tres, vous ferez une boucle dans les coteaux de l&rsquo;Hyr\u00f4me.<br>Perdue au pied du coteau, entre les Moulins neufs et la basse Houssaye, la grotte \u00e0 la bique attend votre visite !<br>Ne restera plus qu&rsquo;\u00e0 affronter la derni\u00e8re curiosit\u00e9 du parcours : le coteau des Martyrs, comm\u00e9morant les batailles de 1793 des guerres de Vend\u00e9e.<br>Enfin la d\u00e9livrance arrivera au parc Ludovic PIARD : l&rsquo;arche d&rsquo;arriv\u00e9e vous attendra&#8230;au sommet de la derni\u00e8re c\u00f4te du parcours !<\/p>\n\n\n\n<iframe src=\"https:\/\/tracedetrail.fr\/fr\/iframe\/7469\" allowfullscreen style=\"border: 0;width: 100%; height: 800px;\" scrolling=\"no\"><\/iframe>\n\n\n\nngg_shortcode_0_placeholder\n","protected":false},"excerpt":{"rendered":"<div class=\"mh-excerpt\"><p>Premi\u00e8re distance des Trails du Layon, le 18km n&rsquo;est pas pour autant le plus facile. Avec ses 450m de d\u00e9nivel\u00e9 positif (environ), il vous faudra <a class=\"mh-excerpt-more\" href=\"https:\/\/courirenlayon.fr\/?page_id=279\" title=\"18K\">[&#8230;]<\/a><\/p>\n<\/div>","protected":false},"author":1,"featured_media":0,"parent":0,"menu_order":0,"comment_status":"closed","ping_status":"closed","template":"","meta":{"ngg_post_thumbnail":0,"footnotes":""},"class_list":["post-279","page","type-page","status-publish","hentry"],"_links":{"self":[{"href":"https:\/\/courirenlayon.fr\/index.php?rest_route=\/wp\/v2\/pages\/279","targetHints":{"allow":["GET"]}}],"collection":[{"href":"https:\/\/courirenlayon.fr\/index.php?rest_route=\/wp\/v2\/pages"}],"about":[{"href":"https:\/\/courirenlayon.fr\/index.php?rest_route=\/wp\/v2\/types\/page"}],"author":[{"embeddable":true,"href":"https:\/\/courirenlayon.fr\/index.php?rest_route=\/wp\/v2\/users\/1"}],"replies":[{"embeddable":true,"href":"https:\/\/courirenlayon.fr\/index.php?rest_route=%2Fwp%2Fv2%2Fcomments&post=279"}],"version-history":[{"count":16,"href":"https:\/\/courirenlayon.fr\/index.php?rest_route=\/wp\/v2\/pages\/279\/revisions"}],"predecessor-version":[{"id":1118,"href":"https:\/\/courirenlayon.fr\/index.php?rest_route=\/wp\/v2\/pages\/279\/revisions\/1118"}],"wp:attachment":[{"href":"https:\/\/courirenlayon.fr\/index.php?rest_route=%2Fwp%2Fv2%2Fmedia&parent=279"}],"curies":[{"name":"wp","href":"https:\/\/api.w.org\/{rel}","templated":true}]}}